{"id":12411,"date":"2025-04-15T21:29:42","date_gmt":"2025-04-15T19:29:42","guid":{"rendered":"https:\/\/targiksiazkiwarszawa.pl\/?page_id=12411"},"modified":"2026-04-09T17:40:17","modified_gmt":"2026-04-09T15:40:17","slug":"accreditation","status":"publish","type":"page","link":"https:\/\/targiksiazkiwarszawa.pl\/en\/accreditation\/","title":{"rendered":"Accreditation"},"content":{"rendered":"[vc_row type=&#8221;full_width_background&#8221; full_screen_row_position=&#8221;middle&#8221; column_margin=&#8221;default&#8221; equal_height=&#8221;yes&#8221; column_direction=&#8221;default&#8221; column_direction_tablet=&#8221;default&#8221; column_direction_phone=&#8221;default&#8221; bg_color=&#8221;#f0f0f1&#8243; bg_image=&#8221;986&#8243; bg_position=&#8221;center top&#8221; background_image_loading=&#8221;default&#8221; bg_repeat=&#8221;no-repeat&#8221; scene_position=&#8221;center&#8221; top_padding=&#8221;4%&#8221; bottom_padding=&#8221;4%&#8221; text_color=&#8221;light&#8221; text_align=&#8221;left&#8221; row_border_radius=&#8221;none&#8221; row_border_radius_applies=&#8221;bg&#8221; overflow=&#8221;visible&#8221; color_overlay=&#8221;#e5e5e5&#8243; advanced_gradient_angle=&#8221;0&#8243; overlay_strength=&#8221;0.5&#8243; gradient_direction=&#8221;left_to_right&#8221; shape_divider_position=&#8221;bottom&#8221; shape_divider_height=&#8221;350&#8243; bg_image_animation=&#8221;fade-in&#8221; parallax_bg=&#8221;true&#8221; parallax_bg_speed=&#8221;fast&#8221; shape_type=&#8221;mountains&#8221; gradient_type=&#8221;default&#8221;][vc_column column_padding=&#8221;no-extra-padding&#8221; column_padding_tablet=&#8221;inherit&#8221; column_padding_phone=&#8221;inherit&#8221; column_padding_position=&#8221;all&#8221; top_margin=&#8221;3%&#8221; column_element_direction_desktop=&#8221;default&#8221; column_element_spacing=&#8221;default&#8221; desktop_text_alignment=&#8221;default&#8221; tablet_text_alignment=&#8221;default&#8221; phone_text_alignment=&#8221;default&#8221; background_color_opacity=&#8221;1&#8243; background_hover_color_opacity=&#8221;1&#8243; column_backdrop_filter=&#8221;none&#8221; column_shadow=&#8221;none&#8221; column_border_radius=&#8221;none&#8221; column_link_target=&#8221;_self&#8221; column_position=&#8221;default&#8221; advanced_gradient_angle=&#8221;0&#8243; gradient_direction=&#8221;left_to_right&#8221; overlay_strength=&#8221;0.3&#8243; width=&#8221;1\/2&#8243; tablet_width_inherit=&#8221;default&#8221; animation_type=&#8221;default&#8221; bg_image_animation=&#8221;none&#8221; border_type=&#8221;simple&#8221; column_border_width=&#8221;none&#8221; column_border_style=&#8221;solid&#8221; gradient_type=&#8221;default&#8221;][vc_row_inner column_margin=&#8221;default&#8221; column_direction=&#8221;default&#8221; column_direction_tablet=&#8221;default&#8221; column_direction_phone=&#8221;default&#8221; text_align=&#8221;left&#8221; row_position=&#8221;default&#8221; row_position_tablet=&#8221;inherit&#8221; row_position_phone=&#8221;inherit&#8221; overflow=&#8221;visible&#8221; pointer_events=&#8221;all&#8221;][vc_column_inner column_padding=&#8221;no-extra-padding&#8221; column_padding_tablet=&#8221;inherit&#8221; column_padding_phone=&#8221;inherit&#8221; column_padding_position=&#8221;all&#8221; column_element_direction_desktop=&#8221;default&#8221; column_element_spacing=&#8221;default&#8221; desktop_text_alignment=&#8221;default&#8221; tablet_text_alignment=&#8221;default&#8221; phone_text_alignment=&#8221;default&#8221; background_color_opacity=&#8221;1&#8243; background_hover_color_opacity=&#8221;1&#8243; column_backdrop_filter=&#8221;none&#8221; column_shadow=&#8221;none&#8221; column_border_radius=&#8221;none&#8221; column_link_target=&#8221;_self&#8221; overflow=&#8221;visible&#8221; advanced_gradient_angle=&#8221;0&#8243; gradient_direction=&#8221;left_to_right&#8221; overlay_strength=&#8221;0.3&#8243; width=&#8221;1\/1&#8243; tablet_width_inherit=&#8221;default&#8221; animation_type=&#8221;default&#8221; bg_image_animation=&#8221;none&#8221; border_type=&#8221;simple&#8221; column_border_width=&#8221;none&#8221; column_border_style=&#8221;solid&#8221; gradient_type=&#8221;default&#8221;][vc_custom_heading text=&#8221;28-31 May 2026<br \/>\nPGE Narodowy Stadium&#8221; font_container=&#8221;tag:h1|font_size:36|text_align:left|color:%230a0a0a|line_height:56px&#8221; use_theme_fonts=&#8221;yes&#8221; css_animation=&#8221;slideInLeft&#8221; css=&#8221;.vc_custom_1775570164627{padding-top: 12px !important;}&#8221;][\/vc_column_inner][\/vc_row_inner][\/vc_column][vc_column column_padding=&#8221;no-extra-padding&#8221; column_padding_tablet=&#8221;inherit&#8221; column_padding_phone=&#8221;inherit&#8221; column_padding_position=&#8221;all&#8221; top_margin=&#8221;3%&#8221; bottom_margin=&#8221;0&#8243; left_margin=&#8221;0&#8243; right_margin=&#8221;0&#8243; column_element_direction_desktop=&#8221;default&#8221; column_element_spacing=&#8221;default&#8221; desktop_text_alignment=&#8221;default&#8221; tablet_text_alignment=&#8221;default&#8221; phone_text_alignment=&#8221;default&#8221; background_color_opacity=&#8221;1&#8243; background_hover_color_opacity=&#8221;1&#8243; column_backdrop_filter=&#8221;none&#8221; column_shadow=&#8221;none&#8221; column_border_radius=&#8221;none&#8221; column_link_target=&#8221;_self&#8221; column_position=&#8221;default&#8221; advanced_gradient_angle=&#8221;0&#8243; gradient_direction=&#8221;left_to_right&#8221; overlay_strength=&#8221;0.3&#8243; width=&#8221;1\/2&#8243; tablet_width_inherit=&#8221;default&#8221; animation_type=&#8221;default&#8221; enable_animation=&#8221;true&#8221; animation=&#8221;fade-in-from-bottom&#8221; animation_easing=&#8221;default&#8221; bg_image_animation=&#8221;none&#8221; border_type=&#8221;simple&#8221; column_border_width=&#8221;none&#8221; column_border_style=&#8221;solid&#8221; gradient_type=&#8221;default&#8221;][vc_row_inner column_margin=&#8221;default&#8221; column_direction=&#8221;default&#8221; column_direction_tablet=&#8221;default&#8221; column_direction_phone=&#8221;default&#8221; text_align=&#8221;left&#8221; row_position=&#8221;default&#8221; row_position_tablet=&#8221;inherit&#8221; row_position_phone=&#8221;inherit&#8221; overflow=&#8221;visible&#8221; pointer_events=&#8221;all&#8221;][vc_column_inner column_padding=&#8221;no-extra-padding&#8221; column_padding_tablet=&#8221;inherit&#8221; column_padding_phone=&#8221;inherit&#8221; column_padding_position=&#8221;all&#8221; column_element_direction_desktop=&#8221;default&#8221; column_element_spacing=&#8221;default&#8221; desktop_text_alignment=&#8221;default&#8221; tablet_text_alignment=&#8221;default&#8221; phone_text_alignment=&#8221;default&#8221; background_color_opacity=&#8221;1&#8243; background_hover_color_opacity=&#8221;1&#8243; column_backdrop_filter=&#8221;none&#8221; column_shadow=&#8221;none&#8221; column_border_radius=&#8221;none&#8221; column_link_target=&#8221;_self&#8221; overflow=&#8221;visible&#8221; advanced_gradient_angle=&#8221;0&#8243; gradient_direction=&#8221;left_to_right&#8221; overlay_strength=&#8221;0.3&#8243; width=&#8221;1\/1&#8243; tablet_width_inherit=&#8221;default&#8221; animation_type=&#8221;default&#8221; bg_image_animation=&#8221;none&#8221; border_type=&#8221;simple&#8221; column_border_width=&#8221;none&#8221; column_border_style=&#8221;solid&#8221; gradient_type=&#8221;default&#8221;][vc_custom_heading text=&#8221;Accreditation&#8221; font_container=&#8221;tag:h1|font_size:72|text_align:center|color:%230a0a0a|line_height:56px&#8221; use_theme_fonts=&#8221;yes&#8221; css_animation=&#8221;fadeIn&#8221; css=&#8221;.vc_custom_1744744793598{padding-top: 12px !important;}&#8221;][\/vc_column_inner][\/vc_row_inner][\/vc_column][\/vc_row][vc_row type=&#8221;in_container&#8221; full_screen_row_position=&#8221;middle&#8221; column_margin=&#8221;default&#8221; column_direction=&#8221;default&#8221; column_direction_tablet=&#8221;default&#8221; column_direction_phone=&#8221;column_reverse&#8221; scene_position=&#8221;center&#8221; top_padding=&#8221;6%&#8221; text_color=&#8221;dark&#8221; text_align=&#8221;left&#8221; row_border_radius=&#8221;none&#8221; row_border_radius_applies=&#8221;bg&#8221; overflow=&#8221;visible&#8221; disable_element=&#8221;yes&#8221; advanced_gradient_angle=&#8221;0&#8243; overlay_strength=&#8221;0.3&#8243; gradient_direction=&#8221;left_to_right&#8221; shape_divider_position=&#8221;bottom&#8221; bg_image_animation=&#8221;none&#8221; gradient_type=&#8221;default&#8221; shape_type=&#8221;&#8221;][vc_column column_padding=&#8221;no-extra-padding&#8221; column_padding_tablet=&#8221;inherit&#8221; column_padding_phone=&#8221;inherit&#8221; column_padding_position=&#8221;all&#8221; column_element_direction_desktop=&#8221;default&#8221; column_element_spacing=&#8221;default&#8221; desktop_text_alignment=&#8221;default&#8221; tablet_text_alignment=&#8221;default&#8221; phone_text_alignment=&#8221;default&#8221; background_color_opacity=&#8221;1&#8243; background_hover_color_opacity=&#8221;1&#8243; column_backdrop_filter=&#8221;none&#8221; column_shadow=&#8221;none&#8221; column_border_radius=&#8221;none&#8221; column_link_target=&#8221;_self&#8221; column_position=&#8221;default&#8221; gradient_direction=&#8221;left_to_right&#8221; overlay_strength=&#8221;0.3&#8243; width=&#8221;1\/2&#8243; tablet_width_inherit=&#8221;default&#8221; animation_type=&#8221;default&#8221; bg_image_animation=&#8221;none&#8221; border_type=&#8221;simple&#8221; column_border_width=&#8221;none&#8221; column_border_style=&#8221;solid&#8221;][vc_column_text css=&#8221;&#8221; text_direction=&#8221;default&#8221;]\n<h3><span style=\"font-weight: 400;\">Where:<\/span><\/h3>\n<p><span style=\"font-weight: 400;\">Palace of Culture and Science and plac Defilad<br \/>\n<\/span>[\/vc_column_text][vc_column_text css=&#8221;&#8221; text_direction=&#8221;default&#8221;]\n<h3><span style=\"font-weight: 400;\">When:<\/span><\/h3>\n<p><span style=\"font-weight: 400;\">15.05.2025 | 10:00 AM \u2013 6:00 PM<br \/>\n<\/span><span style=\"font-weight: 400;\">16.05.2025 | 10:00 AM \u2013 7:00 PM<br \/>\n<\/span><span style=\"font-weight: 400;\">17.05.2025 | 10:00 AM \u2013 7:00 PM<br \/>\n<\/span><span style=\"font-weight: 400;\">18.05.2025 | 10:00 AM \u2013 5:00 PM<\/span>[\/vc_column_text][\/vc_column][vc_column column_padding=&#8221;no-extra-padding&#8221; column_padding_tablet=&#8221;inherit&#8221; column_padding_phone=&#8221;inherit&#8221; column_padding_position=&#8221;all&#8221; column_element_direction_desktop=&#8221;default&#8221; column_element_spacing=&#8221;default&#8221; desktop_text_alignment=&#8221;default&#8221; tablet_text_alignment=&#8221;default&#8221; phone_text_alignment=&#8221;default&#8221; background_color_opacity=&#8221;1&#8243; background_hover_color_opacity=&#8221;1&#8243; column_backdrop_filter=&#8221;none&#8221; column_shadow=&#8221;none&#8221; column_border_radius=&#8221;none&#8221; column_link_target=&#8221;_self&#8221; column_position=&#8221;default&#8221; gradient_direction=&#8221;left_to_right&#8221; overlay_strength=&#8221;0.3&#8243; width=&#8221;1\/2&#8243; tablet_width_inherit=&#8221;default&#8221; animation_type=&#8221;default&#8221; bg_image_animation=&#8221;none&#8221; border_type=&#8221;simple&#8221; column_border_width=&#8221;none&#8221; column_border_style=&#8221;solid&#8221;][image_with_animation image_url=&#8221;4772&#8243; image_size=&#8221;full&#8221; animation_type=&#8221;entrance&#8221; animation=&#8221;None&#8221; animation_movement_type=&#8221;transform_y&#8221; hover_animation=&#8221;none&#8221; alignment=&#8221;&#8221; border_radius=&#8221;none&#8221; box_shadow=&#8221;none&#8221; image_loading=&#8221;default&#8221; max_width=&#8221;100%&#8221; max_width_mobile=&#8221;default&#8221;][\/vc_column][\/vc_row][vc_row type=&#8221;in_container&#8221; full_screen_row_position=&#8221;middle&#8221; column_margin=&#8221;default&#8221; column_direction=&#8221;default&#8221; column_direction_tablet=&#8221;default&#8221; column_direction_phone=&#8221;default&#8221; scene_position=&#8221;center&#8221; top_padding=&#8221;6%&#8221; text_color=&#8221;dark&#8221; text_align=&#8221;left&#8221; row_border_radius=&#8221;none&#8221; row_border_radius_applies=&#8221;bg&#8221; overflow=&#8221;visible&#8221; advanced_gradient_angle=&#8221;0&#8243; overlay_strength=&#8221;0.3&#8243; gradient_direction=&#8221;left_to_right&#8221; shape_divider_position=&#8221;bottom&#8221; bg_image_animation=&#8221;none&#8221; gradient_type=&#8221;default&#8221; shape_type=&#8221;&#8221;][vc_column column_padding=&#8221;no-extra-padding&#8221; column_padding_tablet=&#8221;inherit&#8221; column_padding_phone=&#8221;inherit&#8221; column_padding_position=&#8221;all&#8221; column_element_direction_desktop=&#8221;default&#8221; column_element_spacing=&#8221;default&#8221; desktop_text_alignment=&#8221;default&#8221; tablet_text_alignment=&#8221;default&#8221; phone_text_alignment=&#8221;default&#8221; background_color_opacity=&#8221;1&#8243; background_hover_color_opacity=&#8221;1&#8243; column_backdrop_filter=&#8221;none&#8221; column_shadow=&#8221;none&#8221; column_border_radius=&#8221;none&#8221; column_link_target=&#8221;_self&#8221; column_position=&#8221;default&#8221; gradient_direction=&#8221;left_to_right&#8221; overlay_strength=&#8221;0.3&#8243; width=&#8221;1\/1&#8243; tablet_width_inherit=&#8221;default&#8221; animation_type=&#8221;default&#8221; bg_image_animation=&#8221;none&#8221; border_type=&#8221;simple&#8221; column_border_width=&#8221;none&#8221; column_border_style=&#8221;solid&#8221;][nectar_btn size=&#8221;jumbo&#8221; open_new_tab=&#8221;true&#8221; button_style=&#8221;regular&#8221; button_color_2=&#8221;Accent-Color&#8221; icon_family=&#8221;fontawesome&#8221; text=&#8221;ACCREDITATION FORM&#8221; url=&#8221;https:\/\/targi-ksiazki-warszawa26.exposupport.pl\/en-us\/register-as&#8221; icon_fontawesome=&#8221;fa fa-wpforms&#8221;][divider line_type=&#8221;No Line&#8221; custom_height=&#8221;24&#8243;][vc_column_text css=&#8221;&#8221; text_direction=&#8221;default&#8221;]<strong>RULES FOR GRANTING ACCREDITATION TO MEDIA REPRESENTATIVES AND ONLINE CREATORS<\/strong><\/p>\n<ol>\n<li>Accreditation will be granted to professional media representatives after verification of their application.<\/li>\n<li>Accreditation will be granted to individuals who meet the criteria set by the organiser.<\/li>\n<li>Accreditation is personal, i.e. it is issued to the first name and surname indicated on the form. The name of the editorial office will also appear on the accreditation.<\/li>\n<li>Accreditation is granted for the duration of the fair, within the limits of the media coverage.<\/li>\n<li>Accreditation is valid for all days of the exhibition.<\/li>\n<li>In order to be considered, an application for accreditation must contain truthful information in the form and consent to the processing of data by the Historia i Kultura Foundation for accreditation purposes.<\/li>\n<li>The Organiser reserves the right to refuse accreditation without giving reasons.<\/li>\n<li>Criteria for accreditation: valid press card or other document confirming the journalistic activity of the person.<\/li>\n<\/ol>\n<p>&nbsp;<\/p>\n<p style=\"text-align: center;\"><strong>Accreditation expiry date: 9 May 2025<\/strong><\/p>\n<p>&nbsp;<\/p>\n<hr \/>\n<p>&nbsp;<\/p>\n[\/vc_column_text][vc_column_text css=&#8221;&#8221; text_direction=&#8221;default&#8221;]<strong>RULES FOR GRANTING ACCREDITATION TO ONLINE CREATORS<\/strong><\/p>\n<ol>\n<li>Accreditation is granted to professionally active online creators after verification of the application.<\/li>\n<li>Only individuals who meet the criteria specified by the organizer may apply for accreditation.<\/li>\n<li>Accreditation is personal, i.e. issued to the name and surname provided in the application form. The creator\u2019s account name will also be included.<\/li>\n<li>Accreditation is granted for the duration of the Fair for media coverage purposes.<\/li>\n<li>Accreditation is valid for all days of the Fair.<\/li>\n<li>Entry to the Fair with accreditation is free of charge.<\/li>\n<li>A condition for considering the application is providing truthful data in the form and consenting to its processing by the Historia i Kultura Foundation for accreditation purposes.<\/li>\n<li>After receiving accreditation, creators are required to publish coverage of the event on their social media channels, tagging the organizer.<\/li>\n<li>Registration of online creators is conducted <u>only<\/u> via the form available on the website. NOTE: <strong>it will not be possible to obtain accreditation on-site during the Fair.<\/strong><\/li>\n<li>The organizer reserves the right to refuse accreditation without providing a reason.<\/li>\n<li>Accreditation does not entitle holders to skip autograph lines.<\/li>\n<\/ol>\n<p><strong>Accreditation Criteria:<\/strong><\/p>\n<ol>\n<li>Online creators:\n<ul>\n<li>at least 13 years old<\/li>\n<li>create content related to the theme of the International Book Fair in Warsaw<\/li>\n<li>have at least the following audience on one selected platform:\n<ul>\n<li>Facebook \u2013 1,000 followers<\/li>\n<li>Instagram \u2013 2,000 followers<\/li>\n<li>TikTok \u2013 7,000 followers<\/li>\n<li>YouTube \u2013 1,000 subscribers<\/li>\n<li>bloggers \u2013 at least 1 year of activity<\/li>\n<\/ul>\n<\/li>\n<\/ul>\n<\/li>\n<\/ol>\n<p><strong>Applications for online creators are accepted until May 9, 2026.<\/strong><\/p>\n<hr \/>\n<p><strong>VOLUNTEER PARTICIPATION RULES<\/strong><\/p>\n<ol>\n<li>Volunteering at the International Book Fair in Warsaw is voluntary and requires prior verification of applications.<\/li>\n<li>Applications are accepted only via the form available on the Organizer\u2019s website.<\/li>\n<li>The application deadline is May 2, 2026.<\/li>\n<li>Submitting an application form does not guarantee acceptance into the volunteer program.<\/li>\n<li>Information about acceptance or rejection will be sent by email within 7 days after the application deadline.<\/li>\n<li>Volunteering does not allow skipping autograph lines.<\/li>\n<\/ol>\n<p><strong>VOLUNTEER ORGANIZATION<\/strong><\/p>\n<ol>\n<li>Volunteering takes place on May 28\u201331, 2026, during the International Book Fair in Warsaw, at PGE Narodowy (Al. Ksi\u0119cia J. Poniatowskiego 1).<\/li>\n<li>Opening hours:\n<ul>\n<li>May 28: 10:00\u201318:00<\/li>\n<li>May 29: 10:00\u201319:00<\/li>\n<li>May 30: 10:00\u201319:00<\/li>\n<li>May 31: 10:00\u201317:00<\/li>\n<\/ul>\n<\/li>\n<li>Volunteers must arrive at least 10 minutes before the start of their assigned shift.<\/li>\n<li>Participation may cover one or more days, depending on availability declared in the application and agreed with the Organizer.<\/li>\n<\/ol>\n<p><strong>VOLUNTEER RESPONSIBILITIES<\/strong><\/p>\n<p>To the duties of volunteers will belong:<\/p>\n<ol>\n<li>Staffing information points and assisting visitors.<\/li>\n<li>Supporting author event stages, including technical support (e.g. providing water for speakers).<\/li>\n<li>Supervising designated areas of the Fair.<\/li>\n<li>Performing ongoing organizational tasks.<\/li>\n<\/ol>\n<p><strong>BENEFITS FOR VOLUNTEERS<\/strong><\/p>\n<ol>\n<li>The Organizer provides basic refreshments during duties, including sandwiches and drinks (water, coffee, tea).<\/li>\n<li>After completing the volunteer work, participants receive a certificate of participation.<\/li>\n<\/ol>\n<p>&nbsp;<\/p>\n<hr \/>\n<p><strong>CONTACT<\/strong><\/p>\n<p>For any questions regarding volunteering, please contact: <a href=\"mailto:magdalena.musinska@historiaikultura.pl\">magdalena.musinska@historiaikultura.pl<\/a><\/p>\n<hr \/>\n[\/vc_column_text][\/vc_column][\/vc_row][vc_row type=&#8221;in_container&#8221; full_screen_row_position=&#8221;middle&#8221; column_margin=&#8221;default&#8221; column_direction=&#8221;default&#8221; column_direction_tablet=&#8221;default&#8221; column_direction_phone=&#8221;default&#8221; scene_position=&#8221;center&#8221; top_padding=&#8221;6%&#8221; text_color=&#8221;dark&#8221; text_align=&#8221;left&#8221; row_border_radius=&#8221;none&#8221; row_border_radius_applies=&#8221;bg&#8221; overflow=&#8221;visible&#8221; disable_element=&#8221;yes&#8221; advanced_gradient_angle=&#8221;0&#8243; overlay_strength=&#8221;0.3&#8243; gradient_direction=&#8221;left_to_right&#8221; shape_divider_position=&#8221;bottom&#8221; bg_image_animation=&#8221;none&#8221; gradient_type=&#8221;default&#8221; shape_type=&#8221;&#8221;][vc_column column_padding=&#8221;no-extra-padding&#8221; column_padding_tablet=&#8221;inherit&#8221; column_padding_phone=&#8221;inherit&#8221; column_padding_position=&#8221;all&#8221; column_element_direction_desktop=&#8221;default&#8221; column_element_spacing=&#8221;default&#8221; desktop_text_alignment=&#8221;default&#8221; tablet_text_alignment=&#8221;default&#8221; phone_text_alignment=&#8221;default&#8221; background_color_opacity=&#8221;1&#8243; background_hover_color_opacity=&#8221;1&#8243; column_backdrop_filter=&#8221;none&#8221; column_shadow=&#8221;none&#8221; column_border_radius=&#8221;none&#8221; column_link_target=&#8221;_self&#8221; column_position=&#8221;default&#8221; gradient_direction=&#8221;left_to_right&#8221; overlay_strength=&#8221;0.3&#8243; width=&#8221;1\/1&#8243; tablet_width_inherit=&#8221;default&#8221; animation_type=&#8221;default&#8221; bg_image_animation=&#8221;none&#8221; border_type=&#8221;simple&#8221; column_border_width=&#8221;none&#8221; column_border_style=&#8221;solid&#8221;][vc_column_text css=&#8221;&#8221; text_direction=&#8221;default&#8221;]<strong>ZASADY PRZYZNAWANIA AKREDYTACJI PRZEDSTAWICIELOM MEDI\u00d3W I TW\u00d3RCOM INTERNETOWYM<\/strong><\/p>\n<ol>\n<li>Akredytacje s\u0105 przyznawane przedstawicielom medi\u00f3w i tw\u00f3rcom internetowym aktywnym zawodowo, po weryfikacji zg\u0142oszenia.<\/li>\n<li>O akredytacj\u0119 mog\u0105 si\u0119 ubiega\u0107 osoby, kt\u00f3re spe\u0142ni\u0105 okre\u015blone przez organizatora kryteria.<\/li>\n<li>Akredytacja jest imienna, tzn. jest wystawiona na imi\u0119 i nazwisko podane w formularzu. Na akredytacji znajdzie si\u0119 r\u00f3wnie\u017c nazwa redakcji \/ konta tw\u00f3rcy internetowego.<\/li>\n<li>Akredytacj\u0119 przyznaje si\u0119 na czas trwania targ\u00f3w w zakresie obs\u0142ugi medialnej.<\/li>\n<li>Akredytacja jest wa\u017cna przez wszystkie dni trwania Targ\u00f3w.<\/li>\n<li>Wst\u0119p na Targi z akredytacj\u0105 jest wolny.<\/li>\n<li>Warunkiem rozpatrzenia\u00a0pro\u015bby o akredytacj\u0119\u00a0jest podanie prawdziwych danych w formularzu i wyra\u017cenie zgody na ich przetwarzanie przez Fundacj\u0119 Historia i Kultura na potrzeby akredytacji.<\/li>\n<li>Rejestracja tw\u00f3rc\u00f3w internetowych prowadzona jest <u>tylko<\/u>\u00a0przez formularz znajduj\u0105cy si\u0119 na stronie internetowej. UWAGA:\u00a0<strong>nie b\u0119dzie mo\u017cliwo\u015bci akredytacji na miejscu w czasie trwania Targ\u00f3w.<\/strong><\/li>\n<li>Organizator zastrzega sobie prawa odm\u00f3wienia przydzielenia akredytacji bez podania przyczyny.<\/li>\n<\/ol>\n<p><strong>Kryteria przyznawania akredytacji:<\/strong><\/p>\n<p>Prasa: legitymacja prasowa lub inny <em>dokument potwierdzaj\u0105cy fakt wykonywania pracy dziennikarza<\/em>.<\/p>\n<p>Tw\u00f3rcy internetowi: tworzenie tre\u015bci zwi\u0105zanych z tematyk\u0105 wydawnicz\u0105, kulturaln\u0105 w tym Mi\u0119dzynarodowych Targ\u00f3w Ksi\u0105\u017cki w Warszawie<\/p>\n<h4 style=\"text-align: center;\">Data zako\u0144czenia akredytacji: 9 maja 2025<\/h4>\n[\/vc_column_text][nectar_btn size=&#8221;medium&#8221; open_new_tab=&#8221;true&#8221; button_style=&#8221;regular&#8221; button_color_2=&#8221;Accent-Color&#8221; icon_family=&#8221;fontawesome&#8221; text=&#8221;FORMULARZ AKREDYTACJI DLA MEDI\u00d3W \/ TW\u00d3RC\u00d3W INTERNETOWYCH&#8221; url=&#8221;https:\/\/rsvp.historiaikultura.pl\/akredytacja-mtkw-2025\/&#8221; icon_fontawesome=&#8221;fa fa-wpforms&#8221;][\/vc_column][\/vc_row]\n","protected":false},"excerpt":{"rendered":"<p>[vc_row type=&#8221;full_width_background&#8221; full_screen_row_position=&#8221;middle&#8221; column_margin=&#8221;default&#8221; equal_height=&#8221;yes&#8221; column_direction=&#8221;default&#8221; column_direction_tablet=&#8221;default&#8221; column_direction_phone=&#8221;default&#8221; bg_color=&#8221;#f0f0f1&#8243; bg_image=&#8221;986&#8243; bg_position=&#8221;center top&#8221; background_image_loading=&#8221;default&#8221; bg_repeat=&#8221;no-repeat&#8221; scene_position=&#8221;center&#8221; top_padding=&#8221;4%&#8221; bottom_padding=&#8221;4%&#8221; text_color=&#8221;light&#8221; text_align=&#8221;left&#8221; row_border_radius=&#8221;none&#8221; row_border_radius_applies=&#8221;bg&#8221; overflow=&#8221;visible&#8221; color_overlay=&#8221;#e5e5e5&#8243; advanced_gradient_angle=&#8221;0&#8243; overlay_strength=&#8221;0.5&#8243; gradient_direction=&#8221;left_to_right&#8221; shape_divider_position=&#8221;bottom&#8221; shape_divider_height=&#8221;350&#8243; bg_image_animation=&#8221;fade-in&#8221; parallax_bg=&#8221;true&#8221;&#8230;<\/p>\n","protected":false},"author":1,"featured_media":0,"parent":0,"menu_order":0,"comment_status":"closed","ping_status":"closed","template":"","meta":{"footnotes":""},"class_list":["post-12411","page","type-page","status-publish"],"aioseo_notices":[],"_links":{"self":[{"href":"https:\/\/targiksiazkiwarszawa.pl\/en\/wp-json\/wp\/v2\/pages\/12411","targetHints":{"allow":["GET"]}}],"collection":[{"href":"https:\/\/targiksiazkiwarszawa.pl\/en\/wp-json\/wp\/v2\/pages"}],"about":[{"href":"https:\/\/targiksiazkiwarszawa.pl\/en\/wp-json\/wp\/v2\/types\/page"}],"author":[{"embeddable":true,"href":"https:\/\/targiksiazkiwarszawa.pl\/en\/wp-json\/wp\/v2\/users\/1"}],"replies":[{"embeddable":true,"href":"https:\/\/targiksiazkiwarszawa.pl\/en\/wp-json\/wp\/v2\/comments?post=12411"}],"version-history":[{"count":12,"href":"https:\/\/targiksiazkiwarszawa.pl\/en\/wp-json\/wp\/v2\/pages\/12411\/revisions"}],"predecessor-version":[{"id":15878,"href":"https:\/\/targiksiazkiwarszawa.pl\/en\/wp-json\/wp\/v2\/pages\/12411\/revisions\/15878"}],"wp:attachment":[{"href":"https:\/\/targiksiazkiwarszawa.pl\/en\/wp-json\/wp\/v2\/media?parent=12411"}],"curies":[{"name":"wp","href":"https:\/\/api.w.org\/{rel}","templated":true}]}}