{"id":15806,"date":"2026-04-02T14:46:37","date_gmt":"2026-04-02T12:46:37","guid":{"rendered":"https:\/\/targiksiazkiwarszawa.pl\/?page_id=15806"},"modified":"2026-04-09T17:40:11","modified_gmt":"2026-04-09T15:40:11","slug":"tickets","status":"publish","type":"page","link":"https:\/\/targiksiazkiwarszawa.pl\/en\/tickets\/","title":{"rendered":"Tickets"},"content":{"rendered":"[vc_row type=&#8221;full_width_background&#8221; full_screen_row_position=&#8221;middle&#8221; column_margin=&#8221;default&#8221; equal_height=&#8221;yes&#8221; column_direction=&#8221;default&#8221; column_direction_tablet=&#8221;default&#8221; column_direction_phone=&#8221;default&#8221; bg_color=&#8221;#f0f0f1&#8243; bg_image=&#8221;986&#8243; bg_position=&#8221;center top&#8221; background_image_loading=&#8221;default&#8221; bg_repeat=&#8221;no-repeat&#8221; scene_position=&#8221;center&#8221; top_padding=&#8221;4%&#8221; bottom_padding=&#8221;4%&#8221; text_color=&#8221;light&#8221; text_align=&#8221;left&#8221; row_border_radius=&#8221;none&#8221; row_border_radius_applies=&#8221;bg&#8221; overflow=&#8221;visible&#8221; color_overlay=&#8221;#e5e5e5&#8243; advanced_gradient_angle=&#8221;0&#8243; overlay_strength=&#8221;0.5&#8243; gradient_direction=&#8221;left_to_right&#8221; shape_divider_position=&#8221;bottom&#8221; shape_divider_height=&#8221;350&#8243; bg_image_animation=&#8221;fade-in&#8221; parallax_bg=&#8221;true&#8221; parallax_bg_speed=&#8221;fast&#8221; shape_type=&#8221;mountains&#8221; gradient_type=&#8221;default&#8221;][vc_column column_padding=&#8221;no-extra-padding&#8221; column_padding_tablet=&#8221;inherit&#8221; column_padding_phone=&#8221;inherit&#8221; column_padding_position=&#8221;all&#8221; top_margin=&#8221;3%&#8221; column_element_direction_desktop=&#8221;default&#8221; column_element_spacing=&#8221;default&#8221; desktop_text_alignment=&#8221;default&#8221; tablet_text_alignment=&#8221;default&#8221; phone_text_alignment=&#8221;default&#8221; background_color_opacity=&#8221;1&#8243; background_hover_color_opacity=&#8221;1&#8243; column_backdrop_filter=&#8221;none&#8221; column_shadow=&#8221;none&#8221; column_border_radius=&#8221;none&#8221; column_link_target=&#8221;_self&#8221; column_position=&#8221;default&#8221; advanced_gradient_angle=&#8221;0&#8243; gradient_direction=&#8221;left_to_right&#8221; overlay_strength=&#8221;0.3&#8243; width=&#8221;1\/2&#8243; tablet_width_inherit=&#8221;default&#8221; animation_type=&#8221;default&#8221; bg_image_animation=&#8221;none&#8221; border_type=&#8221;simple&#8221; column_border_width=&#8221;none&#8221; column_border_style=&#8221;solid&#8221; gradient_type=&#8221;default&#8221;][vc_row_inner column_margin=&#8221;default&#8221; column_direction=&#8221;default&#8221; column_direction_tablet=&#8221;default&#8221; column_direction_phone=&#8221;default&#8221; text_align=&#8221;left&#8221; row_position=&#8221;default&#8221; row_position_tablet=&#8221;inherit&#8221; row_position_phone=&#8221;inherit&#8221; overflow=&#8221;visible&#8221; pointer_events=&#8221;all&#8221;][vc_column_inner column_padding=&#8221;no-extra-padding&#8221; column_padding_tablet=&#8221;inherit&#8221; column_padding_phone=&#8221;inherit&#8221; column_padding_position=&#8221;all&#8221; column_element_direction_desktop=&#8221;default&#8221; column_element_spacing=&#8221;default&#8221; desktop_text_alignment=&#8221;default&#8221; tablet_text_alignment=&#8221;default&#8221; phone_text_alignment=&#8221;default&#8221; background_color_opacity=&#8221;1&#8243; background_hover_color_opacity=&#8221;1&#8243; column_backdrop_filter=&#8221;none&#8221; column_shadow=&#8221;none&#8221; column_border_radius=&#8221;none&#8221; column_link_target=&#8221;_self&#8221; overflow=&#8221;visible&#8221; advanced_gradient_angle=&#8221;0&#8243; gradient_direction=&#8221;left_to_right&#8221; overlay_strength=&#8221;0.3&#8243; width=&#8221;1\/1&#8243; tablet_width_inherit=&#8221;default&#8221; animation_type=&#8221;default&#8221; bg_image_animation=&#8221;none&#8221; border_type=&#8221;simple&#8221; column_border_width=&#8221;none&#8221; column_border_style=&#8221;solid&#8221; gradient_type=&#8221;default&#8221;][vc_custom_heading text=&#8221;28-31 May 2026<br \/>\nPGE Narodowy Stadium&#8221; font_container=&#8221;tag:h1|font_size:36|text_align:left|color:%230a0a0a|line_height:56px&#8221; use_theme_fonts=&#8221;yes&#8221; css_animation=&#8221;slideInLeft&#8221; css=&#8221;.vc_custom_1775570585772{padding-top: 12px !important;}&#8221;][\/vc_column_inner][\/vc_row_inner][\/vc_column][vc_column column_padding=&#8221;no-extra-padding&#8221; column_padding_tablet=&#8221;inherit&#8221; column_padding_phone=&#8221;inherit&#8221; column_padding_position=&#8221;all&#8221; top_margin=&#8221;3%&#8221; bottom_margin=&#8221;0&#8243; left_margin=&#8221;0&#8243; right_margin=&#8221;0&#8243; column_element_direction_desktop=&#8221;default&#8221; column_element_spacing=&#8221;default&#8221; desktop_text_alignment=&#8221;default&#8221; tablet_text_alignment=&#8221;default&#8221; phone_text_alignment=&#8221;default&#8221; background_color_opacity=&#8221;1&#8243; background_hover_color_opacity=&#8221;1&#8243; column_backdrop_filter=&#8221;none&#8221; column_shadow=&#8221;none&#8221; column_border_radius=&#8221;none&#8221; column_link_target=&#8221;_self&#8221; column_position=&#8221;default&#8221; advanced_gradient_angle=&#8221;0&#8243; gradient_direction=&#8221;left_to_right&#8221; overlay_strength=&#8221;0.3&#8243; width=&#8221;1\/2&#8243; tablet_width_inherit=&#8221;default&#8221; animation_type=&#8221;default&#8221; enable_animation=&#8221;true&#8221; animation=&#8221;fade-in-from-bottom&#8221; animation_easing=&#8221;default&#8221; bg_image_animation=&#8221;none&#8221; border_type=&#8221;simple&#8221; column_border_width=&#8221;none&#8221; column_border_style=&#8221;solid&#8221; gradient_type=&#8221;default&#8221;][vc_row_inner column_margin=&#8221;default&#8221; column_direction=&#8221;default&#8221; column_direction_tablet=&#8221;default&#8221; column_direction_phone=&#8221;default&#8221; text_align=&#8221;left&#8221; row_position=&#8221;default&#8221; row_position_tablet=&#8221;inherit&#8221; row_position_phone=&#8221;inherit&#8221; overflow=&#8221;visible&#8221; pointer_events=&#8221;all&#8221;][vc_column_inner column_padding=&#8221;no-extra-padding&#8221; column_padding_tablet=&#8221;inherit&#8221; column_padding_phone=&#8221;inherit&#8221; column_padding_position=&#8221;all&#8221; column_element_direction_desktop=&#8221;default&#8221; column_element_spacing=&#8221;default&#8221; desktop_text_alignment=&#8221;default&#8221; tablet_text_alignment=&#8221;default&#8221; phone_text_alignment=&#8221;default&#8221; background_color_opacity=&#8221;1&#8243; background_hover_color_opacity=&#8221;1&#8243; column_backdrop_filter=&#8221;none&#8221; column_shadow=&#8221;none&#8221; column_border_radius=&#8221;none&#8221; column_link_target=&#8221;_self&#8221; overflow=&#8221;visible&#8221; advanced_gradient_angle=&#8221;0&#8243; gradient_direction=&#8221;left_to_right&#8221; overlay_strength=&#8221;0.3&#8243; width=&#8221;1\/1&#8243; tablet_width_inherit=&#8221;default&#8221; animation_type=&#8221;default&#8221; bg_image_animation=&#8221;none&#8221; border_type=&#8221;simple&#8221; column_border_width=&#8221;none&#8221; column_border_style=&#8221;solid&#8221; gradient_type=&#8221;default&#8221;][vc_custom_heading text=&#8221;Tickets&#8221; font_container=&#8221;tag:h1|font_size:72|text_align:center|color:%230a0a0a|line_height:56px&#8221; use_theme_fonts=&#8221;yes&#8221; css_animation=&#8221;fadeIn&#8221; css=&#8221;.vc_custom_1775133141286{padding-top: 12px !important;}&#8221;][\/vc_column_inner][\/vc_row_inner][\/vc_column][\/vc_row][vc_row type=&#8221;in_container&#8221; full_screen_row_position=&#8221;middle&#8221; column_margin=&#8221;default&#8221; column_direction=&#8221;default&#8221; column_direction_tablet=&#8221;default&#8221; column_direction_phone=&#8221;column_reverse&#8221; scene_position=&#8221;center&#8221; top_padding=&#8221;6%&#8221; text_color=&#8221;dark&#8221; text_align=&#8221;left&#8221; row_border_radius=&#8221;none&#8221; row_border_radius_applies=&#8221;bg&#8221; overflow=&#8221;visible&#8221; disable_element=&#8221;yes&#8221; advanced_gradient_angle=&#8221;0&#8243; overlay_strength=&#8221;0.3&#8243; gradient_direction=&#8221;left_to_right&#8221; shape_divider_position=&#8221;bottom&#8221; bg_image_animation=&#8221;none&#8221; gradient_type=&#8221;default&#8221; shape_type=&#8221;&#8221;][vc_column column_padding=&#8221;no-extra-padding&#8221; column_padding_tablet=&#8221;inherit&#8221; column_padding_phone=&#8221;inherit&#8221; column_padding_position=&#8221;all&#8221; column_element_direction_desktop=&#8221;default&#8221; column_element_spacing=&#8221;default&#8221; desktop_text_alignment=&#8221;default&#8221; tablet_text_alignment=&#8221;default&#8221; phone_text_alignment=&#8221;default&#8221; background_color_opacity=&#8221;1&#8243; background_hover_color_opacity=&#8221;1&#8243; column_backdrop_filter=&#8221;none&#8221; column_shadow=&#8221;none&#8221; column_border_radius=&#8221;none&#8221; column_link_target=&#8221;_self&#8221; column_position=&#8221;default&#8221; gradient_direction=&#8221;left_to_right&#8221; overlay_strength=&#8221;0.3&#8243; width=&#8221;1\/2&#8243; tablet_width_inherit=&#8221;default&#8221; animation_type=&#8221;default&#8221; bg_image_animation=&#8221;none&#8221; border_type=&#8221;simple&#8221; column_border_width=&#8221;none&#8221; column_border_style=&#8221;solid&#8221;][vc_column_text css=&#8221;&#8221; text_direction=&#8221;default&#8221;]\n<h3><span style=\"font-weight: 400;\">Where:<\/span><\/h3>\n<p><span style=\"font-weight: 400;\">Palace of Culture and Science and plac Defilad<br \/>\n<\/span>[\/vc_column_text][vc_column_text css=&#8221;&#8221; text_direction=&#8221;default&#8221;]\n<h3><span style=\"font-weight: 400;\">When:<\/span><\/h3>\n<p><span style=\"font-weight: 400;\">15.05.2025 | 10:00 AM \u2013 6:00 PM<br \/>\n<\/span><span style=\"font-weight: 400;\">16.05.2025 | 10:00 AM \u2013 7:00 PM<br \/>\n<\/span><span style=\"font-weight: 400;\">17.05.2025 | 10:00 AM \u2013 7:00 PM<br \/>\n<\/span><span style=\"font-weight: 400;\">18.05.2025 | 10:00 AM \u2013 5:00 PM<\/span>[\/vc_column_text][\/vc_column][vc_column column_padding=&#8221;no-extra-padding&#8221; column_padding_tablet=&#8221;inherit&#8221; column_padding_phone=&#8221;inherit&#8221; column_padding_position=&#8221;all&#8221; column_element_direction_desktop=&#8221;default&#8221; column_element_spacing=&#8221;default&#8221; desktop_text_alignment=&#8221;default&#8221; tablet_text_alignment=&#8221;default&#8221; phone_text_alignment=&#8221;default&#8221; background_color_opacity=&#8221;1&#8243; background_hover_color_opacity=&#8221;1&#8243; column_backdrop_filter=&#8221;none&#8221; column_shadow=&#8221;none&#8221; column_border_radius=&#8221;none&#8221; column_link_target=&#8221;_self&#8221; column_position=&#8221;default&#8221; gradient_direction=&#8221;left_to_right&#8221; overlay_strength=&#8221;0.3&#8243; width=&#8221;1\/2&#8243; tablet_width_inherit=&#8221;default&#8221; animation_type=&#8221;default&#8221; bg_image_animation=&#8221;none&#8221; border_type=&#8221;simple&#8221; column_border_width=&#8221;none&#8221; column_border_style=&#8221;solid&#8221;][image_with_animation image_url=&#8221;4772&#8243; image_size=&#8221;full&#8221; animation_type=&#8221;entrance&#8221; animation=&#8221;None&#8221; animation_movement_type=&#8221;transform_y&#8221; hover_animation=&#8221;none&#8221; alignment=&#8221;&#8221; border_radius=&#8221;none&#8221; box_shadow=&#8221;none&#8221; image_loading=&#8221;default&#8221; max_width=&#8221;100%&#8221; max_width_mobile=&#8221;default&#8221;][\/vc_column][\/vc_row][vc_row type=&#8221;in_container&#8221; full_screen_row_position=&#8221;middle&#8221; column_margin=&#8221;default&#8221; column_direction=&#8221;default&#8221; column_direction_tablet=&#8221;default&#8221; column_direction_phone=&#8221;default&#8221; scene_position=&#8221;center&#8221; top_padding=&#8221;6%&#8221; text_color=&#8221;dark&#8221; text_align=&#8221;left&#8221; row_border_radius=&#8221;none&#8221; row_border_radius_applies=&#8221;bg&#8221; overflow=&#8221;visible&#8221; advanced_gradient_angle=&#8221;0&#8243; overlay_strength=&#8221;0.3&#8243; gradient_direction=&#8221;left_to_right&#8221; shape_divider_position=&#8221;bottom&#8221; bg_image_animation=&#8221;none&#8221; gradient_type=&#8221;default&#8221; shape_type=&#8221;&#8221;][vc_column column_padding=&#8221;no-extra-padding&#8221; column_padding_tablet=&#8221;inherit&#8221; column_padding_phone=&#8221;inherit&#8221; column_padding_position=&#8221;all&#8221; column_element_direction_desktop=&#8221;default&#8221; column_element_spacing=&#8221;default&#8221; desktop_text_alignment=&#8221;default&#8221; tablet_text_alignment=&#8221;default&#8221; phone_text_alignment=&#8221;default&#8221; background_color_opacity=&#8221;1&#8243; background_hover_color_opacity=&#8221;1&#8243; column_backdrop_filter=&#8221;none&#8221; column_shadow=&#8221;none&#8221; column_border_radius=&#8221;none&#8221; column_link_target=&#8221;_self&#8221; column_position=&#8221;default&#8221; gradient_direction=&#8221;left_to_right&#8221; overlay_strength=&#8221;0.3&#8243; width=&#8221;1\/1&#8243; tablet_width_inherit=&#8221;default&#8221; animation_type=&#8221;default&#8221; bg_image_animation=&#8221;none&#8221; border_type=&#8221;simple&#8221; column_border_width=&#8221;none&#8221; column_border_style=&#8221;solid&#8221;][vc_row_inner column_margin=&#8221;default&#8221; column_direction=&#8221;default&#8221; column_direction_tablet=&#8221;default&#8221; column_direction_phone=&#8221;default&#8221; text_align=&#8221;left&#8221; row_position=&#8221;default&#8221; row_position_tablet=&#8221;inherit&#8221; row_position_phone=&#8221;inherit&#8221; overflow=&#8221;visible&#8221; pointer_events=&#8221;all&#8221;][vc_column_inner column_padding=&#8221;no-extra-padding&#8221; column_padding_tablet=&#8221;inherit&#8221; column_padding_phone=&#8221;inherit&#8221; column_padding_position=&#8221;all&#8221; column_element_direction_desktop=&#8221;default&#8221; column_element_spacing=&#8221;default&#8221; desktop_text_alignment=&#8221;default&#8221; tablet_text_alignment=&#8221;default&#8221; phone_text_alignment=&#8221;default&#8221; background_color_opacity=&#8221;1&#8243; background_hover_color_opacity=&#8221;1&#8243; column_backdrop_filter=&#8221;none&#8221; column_shadow=&#8221;none&#8221; column_border_radius=&#8221;none&#8221; column_link_target=&#8221;_self&#8221; overflow=&#8221;visible&#8221; gradient_direction=&#8221;left_to_right&#8221; overlay_strength=&#8221;0.3&#8243; width=&#8221;1\/1&#8243; tablet_width_inherit=&#8221;default&#8221; animation_type=&#8221;default&#8221; bg_image_animation=&#8221;none&#8221; border_type=&#8221;simple&#8221; column_border_width=&#8221;none&#8221; column_border_style=&#8221;solid&#8221; column_padding_type=&#8221;default&#8221; gradient_type=&#8221;default&#8221;][nectar_btn size=&#8221;jumbo&#8221; open_new_tab=&#8221;true&#8221; button_style=&#8221;regular&#8221; button_color_2=&#8221;Accent-Color&#8221; icon_family=&#8221;fontawesome&#8221; text=&#8221;TICKET SALES&#8221; url=&#8221;https:\/\/targi-ksiazki-warszawa26.exposupport.pl\/en-us\/register-as&#8221; icon_fontawesome=&#8221;fa fa-ticket&#8221;][\/vc_column_inner][\/vc_row_inner][vc_column_text css=&#8221;&#8221; text_direction=&#8221;default&#8221;]<strong>Regular ticket<\/strong> \u2013 single-entry ticket for adults<\/p>\n<p><strong>Reduced ticket<\/strong> \u2013 single-entry preferential ticket for youth, pensioners, and retirees (youth: 7\u201326 years old, upon showing a school\/university ID, pensioners\/retirees: upon showing a valid ID confirming eligibility)<\/p>\n<p><strong>Family ticket<\/strong> \u2013 single-entry ticket (max. 2 adults + up to 3 children under 18)<\/p>\n<p><strong>Regular pass<\/strong> \u2013 personal multi-entry pass for adults, valid for all 4 days of the Fair<\/p>\n<p><strong>Reduced pass<\/strong> \u2013 personal multi-entry pass for youth, pensioners, and retirees (youth 7\u201326 years old with ID; pensioners\/retirees with ID), valid for all 4 days of the Fair<\/p>\n<p><strong>Student group ticket<\/strong> \u2013 for organized groups of 5\u201325 students aged 7\u201318, under supervision of up to 3 adults; group supervisors enter free of charge<\/p>\n<hr \/>\n<p>&nbsp;<\/p>\n<h4 style=\"text-align: left;\"><strong>Online Ticket Prices (until May 15, 2026)<\/strong><\/h4>\n<p><strong>Regular ticket<\/strong><\/p>\n<ul>\n<li>16 PLN \u2013 Thursday<\/li>\n<li>16 PLN \u2013 Friday<\/li>\n<li>22 PLN \u2013 Saturday<\/li>\n<li>20 PLN \u2013 Sunday<\/li>\n<\/ul>\n<p><strong>Reduced ticket<\/strong>: 15 PLN<br \/>\n<strong>Family ticket: <\/strong>55 PLN<br \/>\n<strong>Regular pass<\/strong>: 60 PLN<br \/>\n<strong>Reduced pass<\/strong>: 50 PLN<br \/>\n<strong>Student group ticket:<\/strong> 10 PLN<br \/>\n<strong>Librarians &amp; teachers: <\/strong>free* (Thursday &amp; Friday)<\/p>\n<hr \/>\n<p>&nbsp;<\/p>\n<h4 style=\"text-align: left;\"><strong>Online Ticket Prices (from May 16, 2026)<\/strong><\/h4>\n<p><strong>Regular ticket<\/strong><\/p>\n<ul>\n<li>18 PLN \u2013 Thursday<\/li>\n<li>18 PLN \u2013 Friday<\/li>\n<li>25 PLN \u2013 Saturday<\/li>\n<li>22 PLN \u2013 Sunday<\/li>\n<\/ul>\n<p><strong>Reduced ticket<\/strong>: 15 PLN<br \/>\n<strong>Family ticket: <\/strong>55 PLN<br \/>\n<strong>Regular pass<\/strong>: 60 PLN<br \/>\n<strong>Reduced pass<\/strong>: 50 PLN<br \/>\n<strong>Student group ticket:<\/strong> 10 PLN<br \/>\n<strong>Librarians &amp; teachers: <\/strong>free* (Thursday &amp; Friday)<\/p>\n<hr \/>\n<p>&nbsp;<\/p>\n<h4 style=\"text-align: left;\"><strong>On-site Ticket Prices (May 28\u201331, 2026, at ticket offices)<\/strong><\/h4>\n<p><strong>Regular ticket<\/strong><\/p>\n<ul>\n<li>20 PLN \u2013 Thursday<\/li>\n<li>20 PLN \u2013 Friday<\/li>\n<li>28 PLN \u2013 Saturday<\/li>\n<li>25 PLN \u2013 Sunday<\/li>\n<\/ul>\n<p><strong>Reduced ticket<\/strong>: 15 PLN<br \/>\n<strong>Family ticket: <\/strong>55 PLN<br \/>\n<strong>Regular pass<\/strong>: 60 PLN<br \/>\n<strong>Reduced pass<\/strong>: 50 PLN<br \/>\n<strong>Student group ticket:<\/strong> 10 PLN<\/p>\n<p>Online ticket prices remain the same during the event; we encourage purchasing via the website <a href=\"https:\/\/targiksiazkiwarszawa.pl\/en\/\">https:\/\/targiksiazkiwarszawa.pl\/<\/a><\/p>\n<hr \/>\n<p>&nbsp;<\/p>\n<h4><strong>Parking<\/strong><\/h4>\n<p>Paid parking spaces are available for visitors on the PGE Narodowy grounds.<\/p>\n<p><a href=\"https:\/\/www.pgenarodowy.pl\/odwiedz-nas\/mapy-dojazd-i-parkingi\">Maps, Access &amp; Parking<\/a><\/p>\n<hr \/>\n<p>* <strong>Free entry with a ticket for:<\/strong><\/p>\n<ul>\n<li>children under 7 years old,<\/li>\n<li>people with disabilities accompanied by a caregiver (entry upon presenting a document confirming eligibility),<\/li>\n<li>librarians and booksellers \u2013 with prior <a href=\"https:\/\/targi-ksiazki-warszawa26.exposupport.pl\/register-as\" target=\"_blank\" rel=\"noopener\">registration<\/a> \u2013 only on May 28\u201329,<\/li>\n<li>journalists \u2013 after obtaining <a href=\"https:\/\/targi-ksiazki-warszawa26.exposupport.pl\/register-as\" target=\"_blank\" rel=\"noopener\">accreditation<\/a>,<\/li>\n<li>influencers \/ social media creators \u2013 after obtaining <a href=\"https:\/\/targi-ksiazki-warszawa26.exposupport.pl\/register-as\" target=\"_blank\" rel=\"noopener\">accreditation<\/a>.<\/li>\n<\/ul>\n[\/vc_column_text][nectar_btn size=&#8221;jumbo&#8221; open_new_tab=&#8221;true&#8221; button_style=&#8221;regular&#8221; button_color_2=&#8221;Accent-Color&#8221; icon_family=&#8221;fontawesome&#8221; text=&#8221;LIBRARY\/BOOKSTORE CERTIFICATE&#8221; url=&#8221;https:\/\/targiksiazkiwarszawa.pl\/wp-content\/uploads\/2026\/04\/zaswiadczenie-biblioteka-ksiegarnia.docx&#8221; icon_fontawesome=&#8221;fa fa-address-book-o&#8221;][\/vc_column][\/vc_row][vc_row type=&#8221;in_container&#8221; full_screen_row_position=&#8221;middle&#8221; column_margin=&#8221;default&#8221; column_direction=&#8221;default&#8221; column_direction_tablet=&#8221;default&#8221; column_direction_phone=&#8221;default&#8221; scene_position=&#8221;center&#8221; top_padding=&#8221;6%&#8221; text_color=&#8221;dark&#8221; text_align=&#8221;left&#8221; row_border_radius=&#8221;none&#8221; row_border_radius_applies=&#8221;bg&#8221; overflow=&#8221;visible&#8221; disable_element=&#8221;yes&#8221; advanced_gradient_angle=&#8221;0&#8243; overlay_strength=&#8221;0.3&#8243; gradient_direction=&#8221;left_to_right&#8221; shape_divider_position=&#8221;bottom&#8221; bg_image_animation=&#8221;none&#8221; gradient_type=&#8221;default&#8221; shape_type=&#8221;&#8221;][vc_column column_padding=&#8221;no-extra-padding&#8221; column_padding_tablet=&#8221;inherit&#8221; column_padding_phone=&#8221;inherit&#8221; column_padding_position=&#8221;all&#8221; column_element_direction_desktop=&#8221;default&#8221; column_element_spacing=&#8221;default&#8221; desktop_text_alignment=&#8221;default&#8221; tablet_text_alignment=&#8221;default&#8221; phone_text_alignment=&#8221;default&#8221; background_color_opacity=&#8221;1&#8243; background_hover_color_opacity=&#8221;1&#8243; column_backdrop_filter=&#8221;none&#8221; column_shadow=&#8221;none&#8221; column_border_radius=&#8221;none&#8221; column_link_target=&#8221;_self&#8221; column_position=&#8221;default&#8221; gradient_direction=&#8221;left_to_right&#8221; overlay_strength=&#8221;0.3&#8243; width=&#8221;1\/1&#8243; tablet_width_inherit=&#8221;default&#8221; animation_type=&#8221;default&#8221; bg_image_animation=&#8221;none&#8221; border_type=&#8221;simple&#8221; column_border_width=&#8221;none&#8221; column_border_style=&#8221;solid&#8221;][nectar_btn size=&#8221;medium&#8221; open_new_tab=&#8221;true&#8221; button_style=&#8221;regular&#8221; button_color_2=&#8221;Accent-Color&#8221; icon_family=&#8221;fontawesome&#8221; text=&#8221;FORMULARZ AKREDYTACJI DLA MEDI\u00d3W&#8221; url=&#8221;https:\/\/rsvp.historiaikultura.pl\/akredytacja-mtkw-2025\/&#8221; icon_fontawesome=&#8221;fa fa-wpforms&#8221;][vc_column_text css=&#8221;&#8221; text_direction=&#8221;default&#8221;]<strong>ZASADY PRZYZNAWANIA AKREDYTACJI PRZEDSTAWICIELOM MEDI\u00d3W I TW\u00d3RCOM INTERNETOWYM<\/strong><\/p>\n<ol>\n<li>Akredytacje s\u0105 przyznawane przedstawicielom medi\u00f3w i tw\u00f3rcom internetowym aktywnym zawodowo, po weryfikacji zg\u0142oszenia.<\/li>\n<li>O akredytacj\u0119 mog\u0105 si\u0119 ubiega\u0107 osoby, kt\u00f3re spe\u0142ni\u0105 okre\u015blone przez organizatora kryteria.<\/li>\n<li>Akredytacja jest imienna, tzn. jest wystawiona na imi\u0119 i nazwisko podane w formularzu. Na akredytacji znajdzie si\u0119 r\u00f3wnie\u017c nazwa redakcji \/ konta tw\u00f3rcy internetowego.<\/li>\n<li>Akredytacj\u0119 przyznaje si\u0119 na czas trwania targ\u00f3w w zakresie obs\u0142ugi medialnej.<\/li>\n<li>Akredytacja jest wa\u017cna przez wszystkie dni trwania Targ\u00f3w.<\/li>\n<li>Wst\u0119p na Targi z akredytacj\u0105 jest wolny.<\/li>\n<li>Warunkiem rozpatrzenia\u00a0pro\u015bby o akredytacj\u0119\u00a0jest podanie prawdziwych danych w formularzu i wyra\u017cenie zgody na ich przetwarzanie przez Fundacj\u0119 Historia i Kultura na potrzeby akredytacji.<\/li>\n<li>Rejestracja tw\u00f3rc\u00f3w internetowych prowadzona jest <u>tylko<\/u>\u00a0przez formularz znajduj\u0105cy si\u0119 na stronie internetowej. UWAGA:\u00a0<strong>nie b\u0119dzie mo\u017cliwo\u015bci akredytacji na miejscu w czasie trwania Targ\u00f3w.<\/strong><\/li>\n<li>Organizator zastrzega sobie prawa odm\u00f3wienia przydzielenia akredytacji bez podania przyczyny.<\/li>\n<\/ol>\n<p><strong>Kryteria przyznawania akredytacji:<\/strong><\/p>\n<p>Prasa: legitymacja prasowa lub inny <em>dokument potwierdzaj\u0105cy fakt wykonywania pracy dziennikarza<\/em>.<\/p>\n<p>Tw\u00f3rcy internetowi: tworzenie tre\u015bci zwi\u0105zanych z tematyk\u0105 wydawnicz\u0105, kulturaln\u0105 w tym Mi\u0119dzynarodowych Targ\u00f3w Ksi\u0105\u017cki w Warszawie<\/p>\n<h4 style=\"text-align: center;\">Data zako\u0144czenia akredytacji: 9 maja 2025<\/h4>\n[\/vc_column_text][nectar_btn size=&#8221;medium&#8221; open_new_tab=&#8221;true&#8221; button_style=&#8221;regular&#8221; button_color_2=&#8221;Accent-Color&#8221; icon_family=&#8221;fontawesome&#8221; text=&#8221;FORMULARZ AKREDYTACJI DLA MEDI\u00d3W \/ TW\u00d3RC\u00d3W INTERNETOWYCH&#8221; url=&#8221;https:\/\/rsvp.historiaikultura.pl\/akredytacja-mtkw-2025\/&#8221; icon_fontawesome=&#8221;fa fa-wpforms&#8221;][\/vc_column][\/vc_row]\n","protected":false},"excerpt":{"rendered":"<p>[vc_row type=&#8221;full_width_background&#8221; full_screen_row_position=&#8221;middle&#8221; column_margin=&#8221;default&#8221; equal_height=&#8221;yes&#8221; column_direction=&#8221;default&#8221; column_direction_tablet=&#8221;default&#8221; column_direction_phone=&#8221;default&#8221; bg_color=&#8221;#f0f0f1&#8243; bg_image=&#8221;986&#8243; bg_position=&#8221;center top&#8221; background_image_loading=&#8221;default&#8221; bg_repeat=&#8221;no-repeat&#8221; scene_position=&#8221;center&#8221; top_padding=&#8221;4%&#8221; bottom_padding=&#8221;4%&#8221; text_color=&#8221;light&#8221; text_align=&#8221;left&#8221; row_border_radius=&#8221;none&#8221; row_border_radius_applies=&#8221;bg&#8221; overflow=&#8221;visible&#8221; color_overlay=&#8221;#e5e5e5&#8243; advanced_gradient_angle=&#8221;0&#8243; overlay_strength=&#8221;0.5&#8243; gradient_direction=&#8221;left_to_right&#8221; shape_divider_position=&#8221;bottom&#8221; shape_divider_height=&#8221;350&#8243; bg_image_animation=&#8221;fade-in&#8221; parallax_bg=&#8221;true&#8221;&#8230;<\/p>\n","protected":false},"author":1,"featured_media":0,"parent":0,"menu_order":0,"comment_status":"closed","ping_status":"closed","template":"","meta":{"footnotes":""},"class_list":["post-15806","page","type-page","status-publish"],"aioseo_notices":[],"_links":{"self":[{"href":"https:\/\/targiksiazkiwarszawa.pl\/en\/wp-json\/wp\/v2\/pages\/15806","targetHints":{"allow":["GET"]}}],"collection":[{"href":"https:\/\/targiksiazkiwarszawa.pl\/en\/wp-json\/wp\/v2\/pages"}],"about":[{"href":"https:\/\/targiksiazkiwarszawa.pl\/en\/wp-json\/wp\/v2\/types\/page"}],"author":[{"embeddable":true,"href":"https:\/\/targiksiazkiwarszawa.pl\/en\/wp-json\/wp\/v2\/users\/1"}],"replies":[{"embeddable":true,"href":"https:\/\/targiksiazkiwarszawa.pl\/en\/wp-json\/wp\/v2\/comments?post=15806"}],"version-history":[{"count":9,"href":"https:\/\/targiksiazkiwarszawa.pl\/en\/wp-json\/wp\/v2\/pages\/15806\/revisions"}],"predecessor-version":[{"id":15877,"href":"https:\/\/targiksiazkiwarszawa.pl\/en\/wp-json\/wp\/v2\/pages\/15806\/revisions\/15877"}],"wp:attachment":[{"href":"https:\/\/targiksiazkiwarszawa.pl\/en\/wp-json\/wp\/v2\/media?parent=15806"}],"curies":[{"name":"wp","href":"https:\/\/api.w.org\/{rel}","templated":true}]}}