{"id":3380,"date":"2024-04-24T12:04:35","date_gmt":"2024-04-24T10:04:35","guid":{"rendered":"https:\/\/targiksiazkiwarszawa.pl\/?page_id=3380"},"modified":"2024-05-20T11:58:47","modified_gmt":"2024-05-20T09:58:47","slug":"program","status":"publish","type":"page","link":"https:\/\/targiksiazkiwarszawa.pl\/en\/italy-guest-of-honour\/program\/","title":{"rendered":"Program"},"content":{"rendered":"[vc_row type=&#8221;full_width_background&#8221; full_screen_row_position=&#8221;middle&#8221; column_margin=&#8221;default&#8221; equal_height=&#8221;yes&#8221; column_direction=&#8221;default&#8221; column_direction_tablet=&#8221;default&#8221; column_direction_phone=&#8221;default&#8221; bg_color=&#8221;#f0f0f1&#8243; scene_position=&#8221;center&#8221; top_padding=&#8221;4%&#8221; bottom_padding=&#8221;4%&#8221; text_color=&#8221;light&#8221; text_align=&#8221;left&#8221; row_border_radius=&#8221;none&#8221; row_border_radius_applies=&#8221;bg&#8221; overflow=&#8221;visible&#8221; advanced_gradient_angle=&#8221;0&#8243; overlay_strength=&#8221;0.3&#8243; gradient_direction=&#8221;left_to_right&#8221; shape_divider_position=&#8221;bottom&#8221; shape_divider_height=&#8221;350&#8243; bg_image_animation=&#8221;fade-in&#8221; parallax_bg=&#8221;true&#8221; parallax_bg_speed=&#8221;fast&#8221; shape_type=&#8221;mountains&#8221; gradient_type=&#8221;default&#8221;][vc_column column_padding=&#8221;no-extra-padding&#8221; column_padding_tablet=&#8221;inherit&#8221; column_padding_phone=&#8221;inherit&#8221; column_padding_position=&#8221;all&#8221; top_margin=&#8221;1%&#8221; column_element_direction_desktop=&#8221;default&#8221; column_element_spacing=&#8221;default&#8221; centered_text=&#8221;true&#8221; desktop_text_alignment=&#8221;default&#8221; tablet_text_alignment=&#8221;default&#8221; phone_text_alignment=&#8221;default&#8221; background_color_opacity=&#8221;1&#8243; background_hover_color_opacity=&#8221;1&#8243; column_backdrop_filter=&#8221;none&#8221; column_shadow=&#8221;none&#8221; column_border_radius=&#8221;none&#8221; column_link_target=&#8221;_self&#8221; column_position=&#8221;default&#8221; advanced_gradient_angle=&#8221;0&#8243; gradient_direction=&#8221;left_to_right&#8221; overlay_strength=&#8221;0.3&#8243; width=&#8221;1\/2&#8243; tablet_width_inherit=&#8221;default&#8221; animation_type=&#8221;default&#8221; bg_image_animation=&#8221;none&#8221; border_type=&#8221;simple&#8221; column_border_width=&#8221;none&#8221; column_border_style=&#8221;solid&#8221; gradient_type=&#8221;default&#8221; column_padding_type=&#8221;default&#8221;][vc_row_inner column_margin=&#8221;default&#8221; column_direction=&#8221;default&#8221; column_direction_tablet=&#8221;default&#8221; column_direction_phone=&#8221;default&#8221; text_align=&#8221;left&#8221; row_position=&#8221;default&#8221; row_position_tablet=&#8221;inherit&#8221; row_position_phone=&#8221;inherit&#8221; overflow=&#8221;visible&#8221; pointer_events=&#8221;all&#8221;][vc_column_inner column_padding=&#8221;no-extra-padding&#8221; column_padding_tablet=&#8221;inherit&#8221; column_padding_phone=&#8221;inherit&#8221; column_padding_position=&#8221;all&#8221; column_element_direction_desktop=&#8221;default&#8221; column_element_spacing=&#8221;default&#8221; centered_text=&#8221;true&#8221; desktop_text_alignment=&#8221;default&#8221; tablet_text_alignment=&#8221;default&#8221; phone_text_alignment=&#8221;default&#8221; background_color_opacity=&#8221;1&#8243; background_hover_color_opacity=&#8221;1&#8243; column_backdrop_filter=&#8221;none&#8221; column_shadow=&#8221;none&#8221; column_border_radius=&#8221;none&#8221; column_link_target=&#8221;_self&#8221; overflow=&#8221;visible&#8221; advanced_gradient_angle=&#8221;0&#8243; gradient_direction=&#8221;left_to_right&#8221; overlay_strength=&#8221;0.3&#8243; width=&#8221;1\/1&#8243; tablet_width_inherit=&#8221;default&#8221; animation_type=&#8221;default&#8221; bg_image_animation=&#8221;none&#8221; border_type=&#8221;simple&#8221; column_border_width=&#8221;none&#8221; column_border_style=&#8221;solid&#8221; gradient_type=&#8221;default&#8221; column_padding_type=&#8221;default&#8221;][vc_custom_heading text=&#8221;23-26 May 2024 Palace of Culture and Science and plac Defilad&#8221; font_container=&#8221;tag:h1|font_size:36|text_align:left|color:%230a0a0a|line_height:56px&#8221; use_theme_fonts=&#8221;yes&#8221; css_animation=&#8221;slideInLeft&#8221; css=&#8221;.vc_custom_1713468138833{padding-top: 12px !important;}&#8221;][\/vc_column_inner][\/vc_row_inner][\/vc_column][vc_column column_padding=&#8221;no-extra-padding&#8221; column_padding_tablet=&#8221;inherit&#8221; column_padding_phone=&#8221;inherit&#8221; column_padding_position=&#8221;all&#8221; top_margin=&#8221;0&#8243; bottom_margin=&#8221;0&#8243; left_margin=&#8221;0&#8243; right_margin=&#8221;0&#8243; column_element_direction_desktop=&#8221;default&#8221; column_element_spacing=&#8221;default&#8221; centered_text=&#8221;true&#8221; desktop_text_alignment=&#8221;default&#8221; tablet_text_alignment=&#8221;default&#8221; phone_text_alignment=&#8221;default&#8221; background_color_opacity=&#8221;1&#8243; background_hover_color_opacity=&#8221;1&#8243; column_backdrop_filter=&#8221;none&#8221; column_shadow=&#8221;none&#8221; column_border_radius=&#8221;none&#8221; column_link_target=&#8221;_self&#8221; column_position=&#8221;default&#8221; advanced_gradient_angle=&#8221;0&#8243; gradient_direction=&#8221;left_to_right&#8221; overlay_strength=&#8221;0.3&#8243; width=&#8221;1\/2&#8243; tablet_width_inherit=&#8221;default&#8221; animation_type=&#8221;default&#8221; enable_animation=&#8221;true&#8221; animation=&#8221;fade-in-from-bottom&#8221; animation_easing=&#8221;default&#8221; bg_image_animation=&#8221;none&#8221; border_type=&#8221;simple&#8221; column_border_width=&#8221;none&#8221; column_border_style=&#8221;solid&#8221; gradient_type=&#8221;default&#8221; column_padding_type=&#8221;default&#8221;][image_with_animation image_url=&#8221;3273&#8243; image_size=&#8221;full&#8221; animation_type=&#8221;entrance&#8221; animation=&#8221;Fade In&#8221; animation_easing=&#8221;default&#8221; animation_movement_type=&#8221;transform_y&#8221; hover_animation=&#8221;none&#8221; alignment=&#8221;center&#8221; border_radius=&#8221;none&#8221; box_shadow=&#8221;none&#8221; image_loading=&#8221;default&#8221; max_width=&#8221;custom&#8221; max_width_custom=&#8221;370&#8243;][\/vc_column][\/vc_row][vc_row type=&#8221;full_width_background&#8221; full_screen_row_position=&#8221;middle&#8221; column_margin=&#8221;default&#8221; column_direction=&#8221;default&#8221; column_direction_tablet=&#8221;default&#8221; column_direction_phone=&#8221;default&#8221; scene_position=&#8221;center&#8221; top_padding=&#8221;3%&#8221; text_color=&#8221;dark&#8221; text_align=&#8221;left&#8221; row_border_radius=&#8221;none&#8221; row_border_radius_applies=&#8221;bg&#8221; overflow=&#8221;visible&#8221; id=&#8221;services&#8221; advanced_gradient_angle=&#8221;0&#8243; overlay_strength=&#8221;0.3&#8243; gradient_direction=&#8221;left_to_right&#8221; shape_divider_position=&#8221;bottom&#8221; bg_image_animation=&#8221;none&#8221; shape_type=&#8221;&#8221; gradient_type=&#8221;default&#8221;][vc_column column_padding=&#8221;no-extra-padding&#8221; column_padding_tablet=&#8221;inherit&#8221; column_padding_phone=&#8221;inherit&#8221; column_padding_position=&#8221;all&#8221; column_element_direction_desktop=&#8221;default&#8221; column_element_spacing=&#8221;default&#8221; desktop_text_alignment=&#8221;default&#8221; tablet_text_alignment=&#8221;default&#8221; phone_text_alignment=&#8221;default&#8221; background_color_opacity=&#8221;1&#8243; background_hover_color_opacity=&#8221;1&#8243; column_backdrop_filter=&#8221;none&#8221; column_shadow=&#8221;none&#8221; column_border_radius=&#8221;none&#8221; column_link_target=&#8221;_self&#8221; column_position=&#8221;default&#8221; gradient_direction=&#8221;left_to_right&#8221; overlay_strength=&#8221;0.3&#8243; width=&#8221;1\/1&#8243; tablet_width_inherit=&#8221;default&#8221; animation_type=&#8221;default&#8221; bg_image_animation=&#8221;none&#8221; border_type=&#8221;simple&#8221; column_border_width=&#8221;none&#8221; column_border_style=&#8221;solid&#8221;][vc_row_inner column_margin=&#8221;default&#8221; column_direction=&#8221;default&#8221; column_direction_tablet=&#8221;default&#8221; column_direction_phone=&#8221;default&#8221; bottom_padding=&#8221;5%&#8221; text_align=&#8221;left&#8221; row_position=&#8221;default&#8221; row_position_tablet=&#8221;inherit&#8221; row_position_phone=&#8221;inherit&#8221; overflow=&#8221;visible&#8221; pointer_events=&#8221;all&#8221;][vc_column_inner column_padding=&#8221;no-extra-padding&#8221; column_padding_tablet=&#8221;inherit&#8221; column_padding_phone=&#8221;inherit&#8221; column_padding_position=&#8221;all&#8221; column_element_direction_desktop=&#8221;default&#8221; column_element_spacing=&#8221;default&#8221; desktop_text_alignment=&#8221;default&#8221; tablet_text_alignment=&#8221;default&#8221; phone_text_alignment=&#8221;default&#8221; background_color_opacity=&#8221;1&#8243; background_hover_color_opacity=&#8221;1&#8243; column_backdrop_filter=&#8221;none&#8221; column_shadow=&#8221;none&#8221; column_border_radius=&#8221;none&#8221; column_link_target=&#8221;_self&#8221; overflow=&#8221;visible&#8221; gradient_direction=&#8221;left_to_right&#8221; overlay_strength=&#8221;0.3&#8243; width=&#8221;1\/2&#8243; tablet_width_inherit=&#8221;default&#8221; animation_type=&#8221;default&#8221; bg_image_animation=&#8221;none&#8221; border_type=&#8221;simple&#8221; column_border_width=&#8221;none&#8221; column_border_style=&#8221;solid&#8221;][split_line_heading animation_type=&#8221;line-reveal-by-space&#8221; font_style=&#8221;h2&#8243; line_reveal_by_space_text_effect=&#8221;default&#8221; content_alignment=&#8221;default&#8221; mobile_content_alignment=&#8221;inherit&#8221; link_target=&#8221;_self&#8221; text_content=&#8221;Program&#8221; font_line_height=&#8221;3&#8243;][\/split_line_heading][\/vc_column_inner][vc_column_inner column_padding=&#8221;no-extra-padding&#8221; column_padding_tablet=&#8221;inherit&#8221; column_padding_phone=&#8221;inherit&#8221; column_padding_position=&#8221;all&#8221; column_element_direction_desktop=&#8221;default&#8221; column_element_spacing=&#8221;default&#8221; centered_text=&#8221;true&#8221; desktop_text_alignment=&#8221;default&#8221; tablet_text_alignment=&#8221;default&#8221; phone_text_alignment=&#8221;default&#8221; background_color_opacity=&#8221;1&#8243; background_hover_color_opacity=&#8221;1&#8243; column_backdrop_filter=&#8221;none&#8221; column_shadow=&#8221;none&#8221; column_border_radius=&#8221;none&#8221; column_link_target=&#8221;_self&#8221; overflow=&#8221;visible&#8221; gradient_direction=&#8221;left_to_right&#8221; overlay_strength=&#8221;0.3&#8243; width=&#8221;1\/2&#8243; tablet_width_inherit=&#8221;default&#8221; animation_type=&#8221;default&#8221; bg_image_animation=&#8221;none&#8221; border_type=&#8221;simple&#8221; column_border_width=&#8221;none&#8221; column_border_style=&#8221;solid&#8221; column_padding_type=&#8221;default&#8221; gradient_type=&#8221;default&#8221; offset=&#8221;vc_hidden-lg vc_hidden-md vc_hidden-sm vc_hidden-xs&#8221;][vc_custom_heading text=&#8221;Mi\u0119dzynarodowe Targi Ksi\u0105\u017cki w Warszawie odb\u0119d\u0105 si\u0119 w tym roku od 23 do 26 maja w Pa\u0142acu Kultury i Nauki i na placu Defilad, a w roli Go\u015bcia Honorowego zaprezentuj\u0105 si\u0119 W\u0142ochy.&#8221; font_container=&#8221;tag:h4|text_align:left&#8221; google_fonts=&#8221;font_family:Montserrat%3Aregular%2C700|font_style:400%20regular%3A400%3Anormal&#8221;][\/vc_column_inner][\/vc_row_inner][\/vc_column][\/vc_row][vc_row type=&#8221;full_width_content&#8221; full_screen_row_position=&#8221;middle&#8221; column_margin=&#8221;default&#8221; column_direction=&#8221;default&#8221; column_direction_tablet=&#8221;default&#8221; column_direction_phone=&#8221;default&#8221; scene_position=&#8221;center&#8221; top_padding=&#8221;2%&#8221; bottom_padding=&#8221;5%&#8221; left_padding_desktop=&#8221;6%&#8221; constrain_group_2=&#8221;yes&#8221; right_padding_desktop=&#8221;6%&#8221; top_padding_tablet=&#8221;10%&#8221; constrain_group_3=&#8221;yes&#8221; bottom_padding_tablet=&#8221;10%&#8221; text_color=&#8221;dark&#8221; text_align=&#8221;left&#8221; row_border_radius=&#8221;none&#8221; row_border_radius_applies=&#8221;bg&#8221; overflow=&#8221;visible&#8221; id=&#8221;team&#8221; advanced_gradient_angle=&#8221;0&#8243; overlay_strength=&#8221;0.3&#8243; gradient_direction=&#8221;left_to_right&#8221; shape_divider_position=&#8221;bottom&#8221; bg_image_animation=&#8221;none&#8221; gradient_type=&#8221;default&#8221; shape_type=&#8221;&#8221;][vc_column column_padding=&#8221;no-extra-padding&#8221; column_padding_tablet=&#8221;inherit&#8221; column_padding_phone=&#8221;inherit&#8221; column_padding_position=&#8221;all&#8221; column_element_direction_desktop=&#8221;default&#8221; column_element_spacing=&#8221;default&#8221; desktop_text_alignment=&#8221;default&#8221; tablet_text_alignment=&#8221;default&#8221; phone_text_alignment=&#8221;default&#8221; sticky_content=&#8221;true&#8221; sticky_content_functionality=&#8221;css&#8221; sticky_content_alignment=&#8221;default&#8221; background_color_opacity=&#8221;1&#8243; background_hover_color_opacity=&#8221;1&#8243; column_backdrop_filter=&#8221;none&#8221; column_shadow=&#8221;none&#8221; column_border_radius=&#8221;none&#8221; column_link_target=&#8221;_self&#8221; column_position=&#8221;default&#8221; advanced_gradient_angle=&#8221;0&#8243; gradient_direction=&#8221;left_to_right&#8221; overlay_strength=&#8221;0.3&#8243; width=&#8221;1\/1&#8243; tablet_width_inherit=&#8221;default&#8221; animation_type=&#8221;default&#8221; enable_animation=&#8221;true&#8221; animation=&#8221;fade-in-from-bottom&#8221; animation_easing=&#8221;default&#8221; bg_image_animation=&#8221;none&#8221; border_type=&#8221;simple&#8221; column_border_width=&#8221;none&#8221; column_border_style=&#8221;solid&#8221; gradient_type=&#8221;default&#8221;][vc_row_inner column_margin=&#8221;30px&#8221; column_direction=&#8221;default&#8221; column_direction_tablet=&#8221;default&#8221; column_direction_phone=&#8221;default&#8221; text_align=&#8221;left&#8221; row_position=&#8221;default&#8221; row_position_tablet=&#8221;inherit&#8221; row_position_phone=&#8221;inherit&#8221; overflow=&#8221;visible&#8221; pointer_events=&#8221;all&#8221; css=&#8221;.vc_custom_1713428995334{margin-bottom: 0px !important;}&#8221;][vc_column_inner column_padding=&#8221;no-extra-padding&#8221; column_padding_tablet=&#8221;inherit&#8221; column_padding_phone=&#8221;inherit&#8221; column_padding_position=&#8221;all&#8221; column_element_direction_desktop=&#8221;default&#8221; column_element_spacing=&#8221;default&#8221; desktop_text_alignment=&#8221;default&#8221; tablet_text_alignment=&#8221;default&#8221; phone_text_alignment=&#8221;default&#8221; background_color_opacity=&#8221;1&#8243; background_hover_color_opacity=&#8221;1&#8243; column_backdrop_filter=&#8221;none&#8221; column_shadow=&#8221;none&#8221; column_border_radius=&#8221;none&#8221; column_link_target=&#8221;_self&#8221; overflow=&#8221;visible&#8221; advanced_gradient_angle=&#8221;0&#8243; gradient_direction=&#8221;left_to_right&#8221; overlay_strength=&#8221;0.3&#8243; width=&#8221;1\/1&#8243; tablet_width_inherit=&#8221;small_desktop&#8221; animation_type=&#8221;default&#8221; bg_image_animation=&#8221;none&#8221; border_type=&#8221;simple&#8221; column_border_width=&#8221;none&#8221; column_border_style=&#8221;solid&#8221; gradient_type=&#8221;default&#8221;][vc_column_text]\n<table style=\"width: 100%;\" width=\"&quot;100%\">\n<tbody>\n<tr>\n<th style=\"text-align: center; background-color: #e30613;\"><span style=\"color: #ffffff;\"><strong>Date<\/strong><\/span><\/th>\n<th style=\"text-align: center; background-color: #e30613;\" width=\"120px\"><span style=\"color: #ffffff;\"><strong>Hour<\/strong><\/span><\/th>\n<th style=\"text-align: center; background-color: #e30613;\"><span style=\"color: #ffffff;\"><strong>Event<\/strong><\/span><\/th>\n<th style=\"text-align: center; background-color: #e30613;\"><span style=\"color: #ffffff;\"><strong>Place<\/strong><\/span><\/th>\n<\/tr>\n<tr>\n<td style=\"width: 114px;\" width=\"112\">May 23, 2024<\/td>\n<td style=\"width: 125px;\" width=\"123\">14:00-14:50<\/td>\n<td style=\"width: 486px;\" width=\"491\">It takes a flower. Children\u2019s books industry with Carlo Gallucci and Gaia Stock from AIE (Italian Association of Publishers) and Jawiga J\u0119dryas from Dwie Siostry, in conversation with Ewa Nicewicz<\/td>\n<td style=\"width: 126px;\" width=\"123\">Goethe Hall, Palace of Culture and Science<\/td>\n<\/tr>\n<tr>\n<td style=\"width: 114px;\" width=\"112\">May 23, 2024<\/td>\n<td style=\"width: 125px;\" width=\"123\">15:00-15:50<\/td>\n<td style=\"width: 486px;\" width=\"491\">On the sidelines. A journey between history and literature with author Helena Janeczek. Moderator: prof. Hanna Serkowska<\/td>\n<td style=\"width: 126px;\" width=\"123\">Goethe Hall, Palace of Culture and Science<\/td>\n<\/tr>\n<tr>\n<td style=\"width: 114px;\" width=\"112\">May 23, 2024<\/td>\n<td style=\"width: 125px;\" width=\"123\">16:00-16:50<\/td>\n<td style=\"width: 486px;\" width=\"491\">On this rock. Pietro Luca Azzaro and Massimo Borghesi discuss about pope John Paul II, pope Francis and the relationship between Church and community, in conversation with Luciano Lanna<\/td>\n<td style=\"width: 126px;\" width=\"123\">Goethe Hall, Palace of Culture and Science<\/td>\n<\/tr>\n<tr>\n<td style=\"width: 114px;\" width=\"112\">May 23, 2024<\/td>\n<td style=\"width: 125px;\" width=\"123\">17:00-17:50<\/td>\n<td style=\"width: 486px;\" width=\"491\">Around a grain of sand. Poet and writer Laura Pugno in conversation with Ma\u0142gorzata \u015alarzy\u0144ska<\/td>\n<td style=\"width: 126px;\" width=\"123\">Goethe Hall, Palace of Culture and Science<\/td>\n<\/tr>\n<tr>\n<td style=\"width: 114px;\" width=\"112\">May 24, 2024<\/td>\n<td style=\"width: 125px;\" width=\"123\">12:00-12:50<\/td>\n<td style=\"width: 486px;\" width=\"491\">In your own words. Joys and sorrows of the growing process with writer and psychoanalyst Luigi Ballerini, in conversation with Natalia M\u0119trak-Ruda<\/td>\n<td style=\"width: 126px;\" width=\"123\">Goethe Hall, Palace of Culture and Science<\/td>\n<\/tr>\n<tr>\n<td style=\"width: 114px;\" width=\"112\">May 24, 2024<\/td>\n<td style=\"width: 125px;\" width=\"123\">13:00-13:50<\/td>\n<td style=\"width: 486px;\" width=\"491\">The Italian Publishing Market in figures. A presentation around Italian publishing market at home and abroad, with Bruno Giancarli from\u00a0the\u00a0Italian Publishers Association.\u00a0Meeting in English.<\/td>\n<td style=\"width: 126px;\" width=\"123\">Goethe Hall, Palace of Culture and Science<\/td>\n<\/tr>\n<tr>\n<td style=\"width: 114px;\" width=\"112\">May 24, 2024<\/td>\n<td style=\"width: 125px;\" width=\"123\">14:00-14:50<\/td>\n<td style=\"width: 486px;\" width=\"491\">In the woods where we sing. Professor Alessandro Baldacci discusses the varied universe behind his poetry, in conversation with Julia Oko\u0142owicz-Szumowska<\/td>\n<td style=\"width: 126px;\" width=\"123\">Goethe Hall, Palace of Culture and Science<\/td>\n<\/tr>\n<tr>\n<td style=\"width: 114px;\" width=\"112\">May 24, 2024<\/td>\n<td style=\"width: 125px;\" width=\"123\">15:00-15:50<\/td>\n<td style=\"width: 486px;\" width=\"491\">Give voice to madness. In the 100th anniversary of Franco Basaglia\u2019s birth, author Stefano Redaelli discusses the relationship between literature, madness and psychiatry through his last works, in conversation with Dario Prola<\/td>\n<td style=\"width: 126px;\" width=\"123\">Kisielewski Hall, Palace of Culture and Science<\/td>\n<\/tr>\n<tr>\n<td style=\"width: 114px;\" width=\"112\">May 24, 2024<\/td>\n<td style=\"width: 125px;\" width=\"123\">16:00-16:50<\/td>\n<td style=\"width: 486px;\" width=\"491\">Go over to the dark side. Historical thriller author Matteo Strukul in conversation with Marco Zonch<\/td>\n<td style=\"width: 126px;\" width=\"123\">Main Stage, Tent F, pl. Defilad in front of the Kinoteka<\/td>\n<\/tr>\n<tr>\n<td style=\"width: 114px;\" width=\"112\">May 25, 2024<\/td>\n<td style=\"width: 125px;\" width=\"123\">12:00-12:50<\/td>\n<td style=\"width: 486px;\" width=\"491\">\u201c\u2026 for example, war\u201d. Michele Marchitto recalls Gianni Rodari and the language of wonder in children\u2019s books, in conversation with Ewa Nicewicz<\/td>\n<td style=\"width: 126px;\" width=\"123\">Main Stage, Tent F, pl. Defilad in front of the Kinoteka<\/td>\n<\/tr>\n<tr>\n<td style=\"width: 114px;\" width=\"112\">May 25, 2024<\/td>\n<td style=\"width: 125px;\" width=\"123\">13:00-13:50<\/td>\n<td style=\"width: 486px;\" width=\"491\">In joy and in work. Philosophers Andrea Colamedici and Maura Gancitano explore past and present ideas about work<\/td>\n<td style=\"width: 126px;\" width=\"123\">Kijev Hall, Palace of Culture and Science<\/td>\n<\/tr>\n<tr>\n<td style=\"width: 114px;\" width=\"112\">May 25, 2024<\/td>\n<td style=\"width: 125px;\" width=\"123\">14:00-14:50<\/td>\n<td style=\"width: 486px;\" width=\"491\">Translating and betraying: a conversation on translating between Italian and Polish with Luigi Marinelli, Leonardo Masi, Mateusz Salwa<\/td>\n<td style=\"width: 126px;\" width=\"123\">Kijev Hall, Palace of Culture and Science<\/td>\n<\/tr>\n<tr>\n<td style=\"width: 114px;\" width=\"112\">May 25, 2024<\/td>\n<td style=\"width: 125px;\" width=\"123\">15:00-15:50<\/td>\n<td style=\"width: 486px;\" width=\"491\">Making history. Renowned historian Alessandro Barbero holds a fascinating history lesson, in conversation with Sebastiano Giorgi<\/td>\n<td style=\"width: 126px;\" width=\"123\">Main Stage, Tent F, pl. Defilad in front of the Kinoteka<\/td>\n<\/tr>\n<tr>\n<td style=\"width: 114px;\" width=\"112\">May 25, 2024<\/td>\n<td style=\"width: 125px;\" width=\"123\">17:00-17:50<\/td>\n<td style=\"width: 486px;\" width=\"491\">Poetry and\u2026 Poet Davide Rondoni explores the creative process of writing verses, with readings by Karolina Porcari<\/td>\n<td style=\"width: 126px;\" width=\"123\">Kisielewski Hall, Palace of Culture and Science<\/td>\n<\/tr>\n<tr>\n<td style=\"width: 114px;\" width=\"112\">May 26, 2024<\/td>\n<td style=\"width: 125px;\" width=\"123\">12:00-12:50<\/td>\n<td style=\"width: 486px;\" width=\"491\">To make a prince. Professors Alessandro Campi, Bougmila Bielanska and Stefan Biela\u0144ski recall Machiavelli\u2019s Prince and its legacy 500 years after its publication<\/td>\n<td style=\"width: 126px;\" width=\"123\">Kisielewski Hall, Palace of Culture and Science<\/td>\n<\/tr>\n<tr>\n<td style=\"width: 114px;\" width=\"112\">May 26, 2024<\/td>\n<td style=\"width: 125px;\" width=\"123\">13:00-13:50<\/td>\n<td style=\"width: 486px;\" width=\"491\">No man is an island. Author Mattia Corrente presents his last book <em>La fuga di Anna<\/em>, an on the road adventure between past and present in conversation with Apolonia Filonik<\/td>\n<td style=\"width: 126px;\" width=\"123\">Main Stage, Tent F, pl. Defilad in front of the Kinoteka<\/td>\n<\/tr>\n<tr>\n<td style=\"width: 114px;\" width=\"112\">May 26, 2024<\/td>\n<td style=\"width: 125px;\" width=\"123\">14:00-14:50<\/td>\n<td style=\"width: 486px;\" width=\"491\">Beyond the Eastern border. Losing a country: Federica Manzon about her book <em>Alma<\/em> in conversation with Raoul Bruni<\/td>\n<td style=\"width: 126px;\" width=\"123\">Goethe Hall, Palace of Culture and Science<\/td>\n<\/tr>\n<tr>\n<td style=\"width: 114px;\" width=\"112\">May 26, 2024<\/td>\n<td style=\"width: 125px;\" width=\"123\">15:00-15:50<\/td>\n<td style=\"width: 486px;\" width=\"491\">The desired life shines. Poet Antonio Riccardi in dialogue with Alessandro Baldacci about his poetry and his life<\/td>\n<td style=\"width: 126px;\" width=\"123\">Goethe Hall, Palace of Culture and Science<\/td>\n<\/tr>\n<\/tbody>\n<\/table>\n[\/vc_column_text][vc_column_text]The organizers reserve the right to change the program.[\/vc_column_text][\/vc_column_inner][\/vc_row_inner][\/vc_column][\/vc_row]\n","protected":false},"excerpt":{"rendered":"<p>[vc_row type=&#8221;full_width_background&#8221; full_screen_row_position=&#8221;middle&#8221; column_margin=&#8221;default&#8221; equal_height=&#8221;yes&#8221; column_direction=&#8221;default&#8221; column_direction_tablet=&#8221;default&#8221; column_direction_phone=&#8221;default&#8221; bg_color=&#8221;#f0f0f1&#8243; scene_position=&#8221;center&#8221; top_padding=&#8221;4%&#8221; bottom_padding=&#8221;4%&#8221; text_color=&#8221;light&#8221; text_align=&#8221;left&#8221; row_border_radius=&#8221;none&#8221; row_border_radius_applies=&#8221;bg&#8221; overflow=&#8221;visible&#8221; advanced_gradient_angle=&#8221;0&#8243; overlay_strength=&#8221;0.3&#8243; gradient_direction=&#8221;left_to_right&#8221; shape_divider_position=&#8221;bottom&#8221; shape_divider_height=&#8221;350&#8243; bg_image_animation=&#8221;fade-in&#8221; parallax_bg=&#8221;true&#8221; parallax_bg_speed=&#8221;fast&#8221; shape_type=&#8221;mountains&#8221; gradient_type=&#8221;default&#8221;][vc_column column_padding=&#8221;no-extra-padding&#8221; column_padding_tablet=&#8221;inherit&#8221; column_padding_phone=&#8221;inherit&#8221;&#8230;<\/p>\n","protected":false},"author":1,"featured_media":0,"parent":3050,"menu_order":0,"comment_status":"closed","ping_status":"closed","template":"","meta":{"footnotes":""},"class_list":["post-3380","page","type-page","status-publish"],"aioseo_notices":[],"_links":{"self":[{"href":"https:\/\/targiksiazkiwarszawa.pl\/en\/wp-json\/wp\/v2\/pages\/3380","targetHints":{"allow":["GET"]}}],"collection":[{"href":"https:\/\/targiksiazkiwarszawa.pl\/en\/wp-json\/wp\/v2\/pages"}],"about":[{"href":"https:\/\/targiksiazkiwarszawa.pl\/en\/wp-json\/wp\/v2\/types\/page"}],"author":[{"embeddable":true,"href":"https:\/\/targiksiazkiwarszawa.pl\/en\/wp-json\/wp\/v2\/users\/1"}],"replies":[{"embeddable":true,"href":"https:\/\/targiksiazkiwarszawa.pl\/en\/wp-json\/wp\/v2\/comments?post=3380"}],"version-history":[{"count":21,"href":"https:\/\/targiksiazkiwarszawa.pl\/en\/wp-json\/wp\/v2\/pages\/3380\/revisions"}],"predecessor-version":[{"id":4113,"href":"https:\/\/targiksiazkiwarszawa.pl\/en\/wp-json\/wp\/v2\/pages\/3380\/revisions\/4113"}],"up":[{"embeddable":true,"href":"https:\/\/targiksiazkiwarszawa.pl\/en\/wp-json\/wp\/v2\/pages\/3050"}],"wp:attachment":[{"href":"https:\/\/targiksiazkiwarszawa.pl\/en\/wp-json\/wp\/v2\/media?parent=3380"}],"curies":[{"name":"wp","href":"https:\/\/api.w.org\/{rel}","templated":true}]}}